{"id":4641,"date":"2021-10-04T12:58:32","date_gmt":"2021-10-04T12:58:32","guid":{"rendered":"https:\/\/zbs.dev.mortar.tovarnaidej.com\/wp\/leasing-sector-data\/"},"modified":"2026-03-13T09:28:35","modified_gmt":"2026-03-13T08:28:35","slug":"leasing-sector-data","status":"publish","type":"page","link":"https:\/\/www.zbs-giz.si\/en\/leasing-sector-data\/","title":{"rendered":"Leasing Sector Data"},"content":{"rendered":"<p>[et_pb_section fb_built=&#8221;1&#8243; fullwidth=&#8221;on&#8221; custom_padding_last_edited=&#8221;on|tablet&#8221; _builder_version=&#8221;4.9.5&#8243; _module_preset=&#8221;default&#8221; background_color=&#8221;#01457B&#8221; background_image=&#8221;http:\/\/zbs.dev.mortar.tovarnaidej.com\/wp\/wp-content\/uploads\/2021\/06\/header-background-image.png&#8221; vertical_offset=&#8221;0px&#8221; horizontal_offset=&#8221;0px&#8221; min_height=&#8221;100%&#8221; height=&#8221;100%&#8221; max_height=&#8221;100%&#8221; custom_margin=&#8221;0px|0px|0px|0px|false|false&#8221; custom_margin_tablet=&#8221;|0px||0px|false|false&#8221; custom_margin_phone=&#8221;&#8221; custom_margin_last_edited=&#8221;on|tablet&#8221; custom_padding=&#8221;0px|0px|0px|0px|false|false&#8221; custom_padding_tablet=&#8221;|||0px|false|false&#8221; custom_padding_phone=&#8221;&#8221;][et_pb_fullwidth_header title=&#8221;Data and Indicators&#8221; _builder_version=&#8221;4.9.5&#8243; _module_preset=&#8221;default&#8221; title_font_size=&#8221;2.25rem&#8221; title_line_height=&#8221;1.7em&#8221; content_text_color=&#8221;rgba(255,255,255,0.8)&#8221; content_font_size=&#8221;0.75rem&#8221; content_line_height=&#8221;1.7rem&#8221; subhead_font=&#8221;Inter||||||||&#8221; subhead_text_color=&#8221;rgba(255,255,255,0.8)&#8221; subhead_font_size=&#8221;0.75rem&#8221; content_link_text_color=&#8221;#FFFFFF&#8221; background_color=&#8221;RGBA(0,0,0,0)&#8221; width=&#8221;100%&#8221; module_alignment=&#8221;left&#8221; custom_margin=&#8221;0px|0px|0px|0px|false|false&#8221; custom_padding=&#8221;120px|0px|120px|0px|false|false&#8221; custom_padding_tablet=&#8221;&#8221; custom_padding_phone=&#8221;60px||60px||true|false&#8221; custom_padding_last_edited=&#8221;on|phone&#8221; custom_css_content=&#8221;position: absolute;||left: 0;||top: -100px;&#8221; custom_css_content_last_edited=&#8221;on|phone&#8221; custom_css_content_phone=&#8221;position: absolute;||left: 0;||top: -40px;&#8221;]<\/p>\n<p><a href=\"https:\/\/www.zbs-giz.si\/en\">Homepage<\/a> \/ Data and Indicators<\/p>\n<p>[\/et_pb_fullwidth_header][\/et_pb_section][et_pb_section fb_built=&#8221;1&#8243; _builder_version=&#8221;4.9.5&#8243; _module_preset=&#8221;default&#8221; background_color=&#8221;#01457b&#8221; custom_margin=&#8221;-1em|0px|0px|0px|false|false&#8221; custom_padding=&#8221;0em|0px|0px|0px|false|false&#8221;][et_pb_row column_structure=&#8221;1_3,1_3,1_3&#8243; use_custom_gutter=&#8221;on&#8221; gutter_width=&#8221;1&#8243; make_equal=&#8221;on&#8221; custom_padding_last_edited=&#8221;on|phone&#8221; _builder_version=&#8221;4.9.5&#8243; _module_preset=&#8221;default&#8221; width=&#8221;auto&#8221; width_tablet=&#8221;100%&#8221; width_phone=&#8221;&#8221; width_last_edited=&#8221;on|phone&#8221; max_width=&#8221;100%&#8221; module_alignment=&#8221;left&#8221; custom_margin=&#8221;0px|0px|0px|0px|false|false&#8221; custom_padding=&#8221;0px|60px|0px|60px|false|false&#8221; custom_padding_tablet=&#8221;1em|60px|0em|60px|false|false&#8221; custom_padding_phone=&#8221;0em|16px|0em|16px|false|true&#8221;][et_pb_column type=&#8221;1_3&#8243; _builder_version=&#8221;4.9.5&#8243; _module_preset=&#8221;default&#8221; custom_padding=&#8221;|72px|0px||false|false&#8221; custom_padding_tablet=&#8221;&#8221; custom_padding_phone=&#8221;|0px|||false|false&#8221; custom_padding_last_edited=&#8221;on|phone&#8221; custom_css_main_element=&#8221;width: auto !important;&#8221; custom_css_main_element_last_edited=&#8221;on|tablet&#8221; custom_css_main_element_phone=&#8221;width: 100% !important;&#8221; custom_css_main_element_tablet=&#8221;width: auto !important;||margin-bottom: 0;&#8221;][et_pb_blurb title=&#8221;General data&#8221; url=&#8221;https:\/\/www.zbs-giz.si\/en\/general-data\/&#8221; content_max_width=&#8221;100%&#8221; module_class=&#8221;open-toggle&#8221; _builder_version=&#8221;4.9.5&#8243; _module_preset=&#8221;default&#8221; header_font=&#8221;Inter||||||||&#8221; header_text_color=&#8221;rgba(255,255,255,0.6)&#8221; header_font_size=&#8221;0.88rem&#8221; header_line_height=&#8221;1.7rem&#8221; width_tablet=&#8221;&#8221; width_phone=&#8221;100%&#8221; width_last_edited=&#8221;on|phone&#8221; max_width=&#8221;100%&#8221; module_alignment=&#8221;left&#8221; custom_margin=&#8221;0px||0px||false|false&#8221; custom_padding=&#8221;1rem|0px|0px|0px|false|false&#8221; hover_transition_duration=&#8221;0ms&#8221; border_width_bottom=&#8221;2px&#8221; border_color_bottom=&#8221;#01457b&#8221; border_style_bottom=&#8221;solid&#8221; border_width_all__hover_enabled=&#8221;on|hover&#8221; border_width_all__hover=&#8221;0px&#8221; border_width_bottom__hover_enabled=&#8221;on|hover&#8221; border_width_bottom__hover=&#8221;2px&#8221; border_color_bottom__hover_enabled=&#8221;on|hover&#8221; border_color_bottom__hover=&#8221;#FFFFFF&#8221;][\/et_pb_blurb][\/et_pb_column][et_pb_column type=&#8221;1_3&#8243; _builder_version=&#8221;4.9.5&#8243; _module_preset=&#8221;default&#8221; custom_padding=&#8221;0px|72px||0px|false|false&#8221; custom_padding_tablet=&#8221;0px|2rem|0px|0px|false|false&#8221; custom_padding_phone=&#8221;|0rem|||false|false&#8221; custom_padding_last_edited=&#8221;on|phone&#8221; custom_css_main_element=&#8221;width: auto !important;&#8221; custom_css_main_element_last_edited=&#8221;on|phone&#8221; custom_css_main_element_phone=&#8221;width: 100% !important;&#8221; custom_css_main_element_tablet=&#8221;width: auto !important;||margin-bottom: 0;&#8221;][et_pb_blurb title=&#8221;Banking sector data&#8221; url=&#8221;https:\/\/www.zbs-giz.si\/en\/banking-sector-data\/&#8221; module_class=&#8221;open-toggle&#8221; _builder_version=&#8221;4.9.5&#8243; _module_preset=&#8221;default&#8221; header_font=&#8221;Inter||||||||&#8221; header_text_color=&#8221;rgba(255,255,255,0.6)&#8221; header_font_size=&#8221;0.88rem&#8221; header_line_height=&#8221;1.7rem&#8221; width_tablet=&#8221;&#8221; width_phone=&#8221;100%&#8221; width_last_edited=&#8221;on|phone&#8221; custom_padding=&#8221;1rem|0px||0px|false|false&#8221; hover_transition_duration=&#8221;0ms&#8221; border_width_bottom=&#8221;2px&#8221; border_color_bottom=&#8221;RGBA(0,0,0,0)&#8221; border_style_bottom=&#8221;inset&#8221; border_color_bottom_last_edited=&#8221;off|desktop&#8221; border_width_all__hover_enabled=&#8221;on|hover&#8221; border_width_all__hover=&#8221;0px&#8221; border_width_bottom__hover_enabled=&#8221;on|desktop&#8221; border_width_bottom__hover=&#8221;2px&#8221; border_color_bottom__hover_enabled=&#8221;on|hover&#8221; border_color_bottom__hover=&#8221;#FFFFFF&#8221;][\/et_pb_blurb][\/et_pb_column][et_pb_column type=&#8221;1_3&#8243; _builder_version=&#8221;4.9.5&#8243; _module_preset=&#8221;default&#8221; custom_padding=&#8221;|72px|0px||false|false&#8221; custom_padding_tablet=&#8221;&#8221; custom_padding_phone=&#8221;|0px|||false|false&#8221; custom_padding_last_edited=&#8221;on|phone&#8221; custom_css_main_element=&#8221;width: auto !important;&#8221; custom_css_main_element_last_edited=&#8221;on|phone&#8221; custom_css_main_element_phone=&#8221;width: 100% !important;&#8221; custom_css_main_element_tablet=&#8221;width: auto !important;||margin-bottom: 0;&#8221;][et_pb_blurb title=&#8221;Leasing sector data&#8221; module_class=&#8221;open-toggle&#8221; _builder_version=&#8221;4.9.5&#8243; _module_preset=&#8221;default&#8221; header_font=&#8221;Inter||||||||&#8221; header_text_color=&#8221;#FFFFFF&#8221; header_font_size=&#8221;0.88rem&#8221; header_line_height=&#8221;1.7rem&#8221; width_tablet=&#8221;&#8221; width_phone=&#8221;100%&#8221; width_last_edited=&#8221;on|phone&#8221; custom_padding=&#8221;1rem|0px||0px|false|false&#8221; border_width_bottom=&#8221;2px&#8221; border_color_bottom=&#8221;#FFFFFF&#8221; border_style_bottom=&#8221;inset&#8221; border_width_all__hover_enabled=&#8221;on|hover&#8221; border_width_all__hover=&#8221;0px&#8221; border_width_bottom__hover_enabled=&#8221;on|hover&#8221; border_width_bottom__hover=&#8221;2px&#8221; border_color_bottom__hover_enabled=&#8221;on|hover&#8221; border_color_bottom__hover=&#8221;#FFFFFF&#8221;][\/et_pb_blurb][\/et_pb_column][\/et_pb_row][\/et_pb_section][et_pb_section fb_built=&#8221;1&#8243; _builder_version=&#8221;4.9.5&#8243; _module_preset=&#8221;default&#8221;][et_pb_row custom_padding_last_edited=&#8221;on|phone&#8221; _builder_version=&#8221;4.9.5&#8243; _module_preset=&#8221;default&#8221; width=&#8221;100%&#8221; max_width=&#8221;800px&#8221; module_alignment=&#8221;center&#8221; custom_padding=&#8221;|60px||60px|false|true&#8221; custom_padding_tablet=&#8221;&#8221; custom_padding_phone=&#8221;|16px||16px|false|true&#8221;][et_pb_column type=&#8221;4_4&#8243; _builder_version=&#8221;4.9.5&#8243; _module_preset=&#8221;default&#8221;][et_pb_image src=&#8221;https:\/\/www.zbs-giz.si\/wp-content\/uploads\/2026\/03\/st-druzb_ang.jpg&#8221; title_text=&#8221;st druzb_ang&#8221; _builder_version=&#8221;4.9.5&#8243; _module_preset=&#8221;default&#8221; hover_enabled=&#8221;0&#8243; sticky_enabled=&#8221;0&#8243;][\/et_pb_image][et_pb_image src=&#8221;https:\/\/www.zbs-giz.si\/wp-content\/uploads\/2026\/03\/bil-vsota_ang.jpg.png&#8221; title_text=&#8221;bil vsota_ang.jpg&#8221; _builder_version=&#8221;4.9.5&#8243; _module_preset=&#8221;default&#8221; hover_enabled=&#8221;0&#8243; sticky_enabled=&#8221;0&#8243;][\/et_pb_image][et_pb_image src=&#8221;https:\/\/www.zbs-giz.si\/wp-content\/uploads\/2026\/03\/roa-ang-1.png&#8221; title_text=&#8221;roa ang&#8221; _builder_version=&#8221;4.9.5&#8243; _module_preset=&#8221;default&#8221; hover_enabled=&#8221;0&#8243; sticky_enabled=&#8221;0&#8243;][\/et_pb_image][et_pb_image src=&#8221;https:\/\/www.zbs-giz.si\/wp-content\/uploads\/2026\/03\/roe-ang.png&#8221; title_text=&#8221;roe ang&#8221; _builder_version=&#8221;4.9.5&#8243; _module_preset=&#8221;default&#8221; hover_enabled=&#8221;0&#8243; sticky_enabled=&#8221;0&#8243;][\/et_pb_image][et_pb_image src=&#8221;https:\/\/www.zbs-giz.si\/wp-content\/uploads\/2026\/03\/fin-pot-ang.png&#8221; title_text=&#8221;fin pot ang&#8221; _builder_version=&#8221;4.9.5&#8243; _module_preset=&#8221;default&#8221; hover_enabled=&#8221;0&#8243; sticky_enabled=&#8221;0&#8243;][\/et_pb_image][et_pb_image src=&#8221;https:\/\/www.zbs-giz.si\/wp-content\/uploads\/2026\/03\/fin-strank-ang.png&#8221; title_text=&#8221;fin strank ang&#8221; _builder_version=&#8221;4.9.5&#8243; _module_preset=&#8221;default&#8221; hover_enabled=&#8221;0&#8243; sticky_enabled=&#8221;0&#8243;][\/et_pb_image][\/et_pb_column][\/et_pb_row][et_pb_row custom_padding_last_edited=&#8221;on|phone&#8221; disabled_on=&#8221;on|on|on&#8221; _builder_version=&#8221;4.9.5&#8243; _module_preset=&#8221;default&#8221; width=&#8221;100%&#8221; custom_padding=&#8221;|60px||60px|false|false&#8221; custom_padding_tablet=&#8221;&#8221; custom_padding_phone=&#8221;|16px||16px|false|true&#8221; disabled=&#8221;on&#8221;][et_pb_column type=&#8221;4_4&#8243; _builder_version=&#8221;4.9.5&#8243; _module_preset=&#8221;default&#8221;][et_pb_text _builder_version=&#8221;4.9.5&#8243; _module_preset=&#8221;default&#8221; custom_padding=&#8221;0px||1rem||false|false&#8221;]<\/p>\n<h2>Poro\u010danje in statistika<\/h2>\n<p>Banka Slovenije je izdala Sklep o poro\u010danju institucij, ki izvajajo dejavnost najema (Ur. l. RS 59\/2012), s katerim dolo\u010da obvezno kvartalno poro\u010danje vseh gospodarskih dru\u017eb v Republiki Sloveniji, ki izvajajo dejavnost najema, zakupa ali lizinga, ne glede na to ali so te gospodarske dru\u017ebe \u010dlanice Zdru\u017eenja bank Slovenije ali ne. Lizing dru\u017ebe poro\u010dajo Banki Slovenije podatke v\u00a0agregirani obliki. Obdelane podatke o celotni lizing dejavnosti objavlja Banka Slovenije v svojih publikacijah, ki so na voljo\u00a0na spletni strani na naslovu\u00a0<a href=\"https:\/\/www.bsi.si\/publikacije\">https:\/\/www.bsi.si\/publikacije<\/a> in sicer polletno v publikaciji Poro\u010dilo o finan\u010dni stabilnosti in kvartalno v publikaciji Mese\u010dna informacija o poslovanju bank. Banke, ki izvajajo dejavnost najema, zakupa ali lizinga v okviru svoje ban\u010dne licence ne poro\u010dajo na podlagi navedenega sklepa in njihovi podatki niso vklju\u010deni v ta posebna dela publikacij (Poslovanje lizing dru\u017eb).<\/p>\n<p>Na podlagi agregiranega in obveznega poro\u010danja po izdanem sklepu Banka Slovenije pripravlja tudi agregirano in anonimizirano statistiko po kategorijah evropske krovne organizacije lizing podjetij Leaseurope, ki jo objavlja Zdru\u017eenje bank Slovenije na spodnjih povezavah za celotno lizing dejavnost v Sloveniji (podatki vklju\u010dujejo \u010dlanice in ne\u010dlanice Zdru\u017eenja). Objavljena statistika je tudi podlaga za poro\u010danje Zdru\u017eenja na Leaseurope, ki na spletni strani na naslovu <a href=\"http:\/\/www.leaseurope.org\/index.php?page=stats-surveys\">http:\/\/www.leaseurope.org\/index.php?page=stats-surveys<\/a> objavlja lizing statistiko na evropski ravni. Za namen prikaza obsega celotne lizing dejavnosti v Sloveniji so v tej statistiki posebej zbirno prikazani tudi skupni volumni lizing poslov bank, ki so zbrani na podlagi drugih ban\u010dnih poro\u010danj Banki Slovenije.<\/p>\n<p>[\/et_pb_text][et_pb_blurb title=&#8221;Statisti\u010dni podatki leasing podjetij, 31.3.2020&#8243; image=&#8221;http:\/\/zbs.dev.mortar.tovarnaidej.com\/wp\/wp-content\/uploads\/2021\/06\/download-icon.png&#8221; icon_placement=&#8221;left&#8221; content_max_width=&#8221;100%&#8221; module_class=&#8221;fullwidth-blurb-left-align&#8221; _builder_version=&#8221;4.9.5&#8243; _module_preset=&#8221;default&#8221; header_font=&#8221;Inter|600|||||||&#8221; header_text_align=&#8221;left&#8221; header_font_size=&#8221;1.13rem&#8221; width=&#8221;100%&#8221; max_width=&#8221;100%&#8221; module_alignment=&#8221;left&#8221; custom_margin=&#8221;1rem|0px|1rem|0px|false|false&#8221; custom_padding=&#8221;1rem|1rem|0.5rem|1rem|false|true&#8221; link_option_url=&#8221;http:\/\/zbs.dev.mortar.tovarnaidej.com\/wp\/wp-content\/uploads\/2021\/07\/Podatki_lizing_31.3.2020.zip&#8221; link_option_url_new_window=&#8221;on&#8221; border_width_all=&#8221;1px&#8221; border_color_all=&#8221;rgba(199,203,206,0.5)&#8221;][\/et_pb_blurb][et_pb_blurb title=&#8221;Statisti\u010dni podatki leasing podjetij, 31.12.2019&#8243; image=&#8221;http:\/\/zbs.dev.mortar.tovarnaidej.com\/wp\/wp-content\/uploads\/2021\/06\/download-icon.png&#8221; icon_placement=&#8221;left&#8221; content_max_width=&#8221;100%&#8221; module_class=&#8221;fullwidth-blurb-left-align&#8221; _builder_version=&#8221;4.9.5&#8243; _module_preset=&#8221;default&#8221; header_font=&#8221;Inter|600|||||||&#8221; header_text_align=&#8221;left&#8221; header_font_size=&#8221;1.13rem&#8221; width=&#8221;100%&#8221; max_width=&#8221;100%&#8221; module_alignment=&#8221;left&#8221; custom_margin=&#8221;1rem|0px|1rem|0px|false|false&#8221; custom_padding=&#8221;1rem|1rem|0.5rem|1rem|false|true&#8221; link_option_url=&#8221;http:\/\/zbs.dev.mortar.tovarnaidej.com\/wp\/wp-content\/uploads\/2021\/07\/podatki_lizing_31.12.2019.zip&#8221; link_option_url_new_window=&#8221;on&#8221; border_width_all=&#8221;1px&#8221; border_color_all=&#8221;rgba(199,203,206,0.5)&#8221;][\/et_pb_blurb][et_pb_blurb title=&#8221;Statisti\u010dni podatki leasing podjetij, 30.9.2019&#8243; image=&#8221;http:\/\/zbs.dev.mortar.tovarnaidej.com\/wp\/wp-content\/uploads\/2021\/06\/download-icon.png&#8221; icon_placement=&#8221;left&#8221; content_max_width=&#8221;100%&#8221; module_class=&#8221;fullwidth-blurb-left-align&#8221; _builder_version=&#8221;4.9.5&#8243; _module_preset=&#8221;default&#8221; header_font=&#8221;Inter|600|||||||&#8221; header_text_align=&#8221;left&#8221; header_font_size=&#8221;1.13rem&#8221; width=&#8221;100%&#8221; max_width=&#8221;100%&#8221; module_alignment=&#8221;left&#8221; custom_margin=&#8221;1rem|0px|1rem|0px|false|false&#8221; custom_padding=&#8221;1rem|1rem|0.5rem|1rem|false|true&#8221; link_option_url=&#8221;http:\/\/zbs.dev.mortar.tovarnaidej.com\/wp\/wp-content\/uploads\/2021\/07\/PodatkiLizing_Q32019.zip&#8221; link_option_url_new_window=&#8221;on&#8221; border_width_all=&#8221;1px&#8221; border_color_all=&#8221;rgba(199,203,206,0.5)&#8221;][\/et_pb_blurb][et_pb_blurb title=&#8221;Statisti\u010dni podatki leasing podjetij, 30.6.2019&#8243; image=&#8221;http:\/\/zbs.dev.mortar.tovarnaidej.com\/wp\/wp-content\/uploads\/2021\/06\/download-icon.png&#8221; icon_placement=&#8221;left&#8221; content_max_width=&#8221;100%&#8221; module_class=&#8221;fullwidth-blurb-left-align&#8221; _builder_version=&#8221;4.9.5&#8243; _module_preset=&#8221;default&#8221; header_font=&#8221;Inter|600|||||||&#8221; header_text_align=&#8221;left&#8221; header_font_size=&#8221;1.13rem&#8221; width=&#8221;100%&#8221; max_width=&#8221;100%&#8221; module_alignment=&#8221;left&#8221; custom_margin=&#8221;1rem|0px|1rem|0px|false|false&#8221; custom_padding=&#8221;1rem|1rem|0.5rem|1rem|false|true&#8221; link_option_url=&#8221;http:\/\/zbs.dev.mortar.tovarnaidej.com\/wp\/wp-content\/uploads\/2021\/07\/Statisticni_podatki_leasing_podjetij_Q2.zip&#8221; link_option_url_new_window=&#8221;on&#8221; border_width_all=&#8221;1px&#8221; border_color_all=&#8221;rgba(199,203,206,0.5)&#8221;][\/et_pb_blurb][et_pb_blurb title=&#8221;Statisti\u010dni podatki leasing podjetij, 31.3.2019&#8243; image=&#8221;http:\/\/zbs.dev.mortar.tovarnaidej.com\/wp\/wp-content\/uploads\/2021\/06\/download-icon.png&#8221; icon_placement=&#8221;left&#8221; content_max_width=&#8221;100%&#8221; module_class=&#8221;fullwidth-blurb-left-align&#8221; _builder_version=&#8221;4.9.5&#8243; _module_preset=&#8221;default&#8221; header_font=&#8221;Inter|600|||||||&#8221; header_text_align=&#8221;left&#8221; header_font_size=&#8221;1.13rem&#8221; width=&#8221;100%&#8221; max_width=&#8221;100%&#8221; module_alignment=&#8221;left&#8221; custom_margin=&#8221;1rem|0px|1rem|0px|false|false&#8221; custom_padding=&#8221;1rem|1rem|0.5rem|1rem|false|true&#8221; link_option_url=&#8221;http:\/\/zbs.dev.mortar.tovarnaidej.com\/wp\/wp-content\/uploads\/2021\/07\/StatistikaLizing_mar2019.zip&#8221; link_option_url_new_window=&#8221;on&#8221; border_width_all=&#8221;1px&#8221; border_color_all=&#8221;rgba(199,203,206,0.5)&#8221;][\/et_pb_blurb][et_pb_text _builder_version=&#8221;4.9.5&#8243; _module_preset=&#8221;default&#8221; custom_padding=&#8221;1rem||0px||false|false&#8221;]<\/p>\n<p>Vir: Banka Slovenije.<\/p>\n<p>Opomba: V datotekah z imenom &#8220;Banke &#8211; Finan\u010dni lizing&#8221; predstavljajo objavljeni podatki financirano vrednost in ne nabavne vrednosti.<\/p>\n<p>[\/et_pb_text][\/et_pb_column][\/et_pb_row][\/et_pb_section]<\/p>\n","protected":false},"excerpt":{"rendered":"<p>[et_pb_section fb_built=&#8221;1&#8243; fullwidth=&#8221;on&#8221; custom_padding_last_edited=&#8221;on|tablet&#8221; _builder_version=&#8221;4.9.5&#8243; _module_preset=&#8221;default&#8221; background_color=&#8221;#01457B&#8221; background_image=&#8221;http:\/\/zbs.dev.mortar.tovarnaidej.com\/wp\/wp-content\/uploads\/2021\/06\/header-background-image.png&#8221; vertical_offset=&#8221;0px&#8221; horizontal_offset=&#8221;0px&#8221; min_height=&#8221;100%&#8221; height=&#8221;100%&#8221; max_height=&#8221;100%&#8221; custom_margin=&#8221;0px|0px|0px|0px|false|false&#8221; custom_margin_tablet=&#8221;|0px||0px|false|false&#8221; custom_margin_phone=&#8221;&#8221; custom_margin_last_edited=&#8221;on|tablet&#8221; custom_padding=&#8221;0px|0px|0px|0px|false|false&#8221; custom_padding_tablet=&#8221;|||0px|false|false&#8221; custom_padding_phone=&#8221;&#8221;][et_pb_fullwidth_header title=&#8221;Data and Indicators&#8221; _builder_version=&#8221;4.9.5&#8243; _module_preset=&#8221;default&#8221; title_font_size=&#8221;2.25rem&#8221; title_line_height=&#8221;1.7em&#8221; content_text_color=&#8221;rgba(255,255,255,0.8)&#8221; content_font_size=&#8221;0.75rem&#8221; content_line_height=&#8221;1.7rem&#8221; subhead_font=&#8221;Inter||||||||&#8221; subhead_text_color=&#8221;rgba(255,255,255,0.8)&#8221; subhead_font_size=&#8221;0.75rem&#8221; content_link_text_color=&#8221;#FFFFFF&#8221; background_color=&#8221;RGBA(0,0,0,0)&#8221; width=&#8221;100%&#8221; module_alignment=&#8221;left&#8221; custom_margin=&#8221;0px|0px|0px|0px|false|false&#8221; custom_padding=&#8221;120px|0px|120px|0px|false|false&#8221; custom_padding_tablet=&#8221;&#8221; custom_padding_phone=&#8221;60px||60px||true|false&#8221; custom_padding_last_edited=&#8221;on|phone&#8221; custom_css_content=&#8221;position: absolute;||left: 0;||top: -100px;&#8221; custom_css_content_last_edited=&#8221;on|phone&#8221; custom_css_content_phone=&#8221;position: absolute;||left: 0;||top: -40px;&#8221;] Homepage \/ Data and [&hellip;]<\/p>\n","protected":false},"author":1,"featured_media":2655,"parent":0,"menu_order":0,"comment_status":"closed","ping_status":"closed","template":"","meta":{"_et_pb_use_builder":"on","_et_pb_old_content":"","_et_gb_content_width":"","inline_featured_image":false,"footnotes":""},"class_list":["post-4641","page","type-page","status-publish","has-post-thumbnail","hentry"],"_links":{"self":[{"href":"https:\/\/www.zbs-giz.si\/en\/wp-json\/wp\/v2\/pages\/4641","targetHints":{"allow":["GET"]}}],"collection":[{"href":"https:\/\/www.zbs-giz.si\/en\/wp-json\/wp\/v2\/pages"}],"about":[{"href":"https:\/\/www.zbs-giz.si\/en\/wp-json\/wp\/v2\/types\/page"}],"author":[{"embeddable":true,"href":"https:\/\/www.zbs-giz.si\/en\/wp-json\/wp\/v2\/users\/1"}],"replies":[{"embeddable":true,"href":"https:\/\/www.zbs-giz.si\/en\/wp-json\/wp\/v2\/comments?post=4641"}],"version-history":[{"count":12,"href":"https:\/\/www.zbs-giz.si\/en\/wp-json\/wp\/v2\/pages\/4641\/revisions"}],"predecessor-version":[{"id":11543,"href":"https:\/\/www.zbs-giz.si\/en\/wp-json\/wp\/v2\/pages\/4641\/revisions\/11543"}],"wp:featuredmedia":[{"embeddable":true,"href":"https:\/\/www.zbs-giz.si\/en\/wp-json\/wp\/v2\/media\/2655"}],"wp:attachment":[{"href":"https:\/\/www.zbs-giz.si\/en\/wp-json\/wp\/v2\/media?parent=4641"}],"curies":[{"name":"wp","href":"https:\/\/api.w.org\/{rel}","templated":true}]}}