{"id":4700,"date":"2021-10-04T16:52:07","date_gmt":"2021-10-04T16:52:07","guid":{"rendered":"https:\/\/zbs.dev.mortar.tovarnaidej.com\/wp\/?page_id=4700"},"modified":"2021-10-11T16:38:56","modified_gmt":"2021-10-11T14:38:56","slug":"about-bancni-vestnik","status":"publish","type":"page","link":"https:\/\/www.zbs-giz.si\/en\/about-bancni-vestnik\/","title":{"rendered":"About Ban\u010dni vestnik"},"content":{"rendered":"<p>[et_pb_section fb_built=&#8221;1&#8243; fullwidth=&#8221;on&#8221; custom_padding_last_edited=&#8221;on|tablet&#8221; _builder_version=&#8221;4.9.5&#8243; _module_preset=&#8221;default&#8221; background_color=&#8221;#01457B&#8221; background_image=&#8221;http:\/\/zbs.dev.mortar.tovarnaidej.com\/wp\/wp-content\/uploads\/2021\/06\/header-background-image.png&#8221; vertical_offset=&#8221;0px&#8221; horizontal_offset=&#8221;0px&#8221; min_height=&#8221;100%&#8221; height=&#8221;100%&#8221; max_height=&#8221;100%&#8221; custom_margin=&#8221;0px|0px|0px|0px|false|false&#8221; custom_margin_tablet=&#8221;|0px||0px|false|false&#8221; custom_margin_phone=&#8221;&#8221; custom_margin_last_edited=&#8221;on|tablet&#8221; custom_padding=&#8221;0px|0px|0px|0px|false|false&#8221; custom_padding_tablet=&#8221;|||0px|false|false&#8221; custom_padding_phone=&#8221;&#8221; border_width_bottom=&#8221;10px&#8221; border_color_bottom=&#8221;#01457B&#8221;][et_pb_fullwidth_header title=&#8221;About Ban\u010dni vestnik&#8221; _builder_version=&#8221;4.9.5&#8243; _module_preset=&#8221;default&#8221; title_font_size=&#8221;2.25rem&#8221; title_line_height=&#8221;1.7em&#8221; content_text_color=&#8221;rgba(255,255,255,0.8)&#8221; content_font_size=&#8221;0.75rem&#8221; content_line_height=&#8221;1.7rem&#8221; subhead_font=&#8221;Inter||||||||&#8221; subhead_text_color=&#8221;rgba(255,255,255,0.8)&#8221; subhead_font_size=&#8221;0.75rem&#8221; content_link_text_color=&#8221;#FFFFFF&#8221; background_color=&#8221;RGBA(0,0,0,0)&#8221; width=&#8221;100%&#8221; module_alignment=&#8221;left&#8221; custom_margin=&#8221;0px|0px|0px|0px|false|false&#8221; custom_padding=&#8221;120px|0px|120px|0px|false|false&#8221; hover_enabled=&#8221;0&#8243; custom_css_content=&#8221;position: absolute;||left: 0;||top: -100px;&#8221; sticky_enabled=&#8221;0&#8243;]<\/p>\n<p><a href=\"https:\/\/www.zbs-giz.si\/en\"><span style=\"text-decoration: underline;\">Homepage<\/span><\/a> \/ About Ban\u010dni vestnik<\/p>\n<p>[\/et_pb_fullwidth_header][\/et_pb_section][et_pb_section fb_built=&#8221;1&#8243; _builder_version=&#8221;4.9.5&#8243; _module_preset=&#8221;default&#8221;][et_pb_row column_structure=&#8221;1_2,1_2&#8243; custom_padding_last_edited=&#8221;on|phone&#8221; _builder_version=&#8221;4.9.5&#8243; _module_preset=&#8221;default&#8221; width=&#8221;100%&#8221; custom_margin=&#8221;0rem||3rem||false|false&#8221; custom_padding=&#8221;3rem|60px|3rem|60px|true|false&#8221; custom_padding_tablet=&#8221;&#8221; custom_padding_phone=&#8221;|16px||16px|false|true&#8221;][et_pb_column type=&#8221;1_2&#8243; _builder_version=&#8221;4.9.5&#8243; _module_preset=&#8221;default&#8221;][et_pb_text _builder_version=&#8221;4.9.5&#8243; _module_preset=&#8221;default&#8221; hover_enabled=&#8221;0&#8243; sticky_enabled=&#8221;0&#8243;]<\/p>\n<p>The only Slovenian monthly journal for money and banking,\u00a0<em>Ban\u010dni vestnik<\/em>, is a professional journal specialised in publishing articles on banking and finance subjects. It has been published regularly since 1951. \u00a0It is indexed in the renowned electronic bibliography of the American Economic Association\u00a0<strong>EconLit<\/strong>.\u00a0The electronic bibliography is available at\u00a0<a href=\"http:\/\/www.econlit.org\/\">http:\/\/www.econlit.org\/<\/a>. An international issue of the magazine is published in English every November. Free downloads are available <a href=\"https:\/\/www.zbs-giz.si\/bancni-vestnik\/special-issues-of-bancni-vestnik-in-english-language-free-downloads\">here<\/a>.<\/p>\n<p>[\/et_pb_text][et_pb_image src=&#8221;https:\/\/zbs.dev.mortar.tovarnaidej.com\/wp\/wp-content\/uploads\/2021\/10\/naslovnica-BV11_2020.jpg&#8221; title_text=&#8221;naslovnica BV11_2020&#8243; show_bottom_space=&#8221;off&#8221; disabled_on=&#8221;off|off|on&#8221; _builder_version=&#8221;4.9.5&#8243; _module_preset=&#8221;default&#8221; custom_margin=&#8221;1rem||0px||false|false&#8221; custom_padding=&#8221;||0px||false|false&#8221;][\/et_pb_image][et_pb_text _builder_version=&#8221;4.9.5&#8243; _module_preset=&#8221;default&#8221; custom_padding=&#8221;2rem||0px||false|false&#8221;]<\/p>\n<p><strong>Publisher:\u00a0<\/strong><\/p>\n<p><strong>The Bank Association of Slovenian &#8211; GIZ, Ljubljana<\/strong><br \/>\u0160ubi\u010deva 2, SI &#8211; 1000 Ljubljana<br \/>Tel.: +386 (0)1 24 29 700<\/p>\n<p><a href=\"mailto:bancni.vestnik@zbs-giz.si\" target=\"_blank\" rel=\"noopener\">bancni.vestnik@zbs-giz.si<\/a>\u00a0 | <a href=\"https:\/\/www.linkedin.com\/company\/75617686\" target=\"_blank\" rel=\"noopener\">LinkedIn<\/a><\/p>\n<p>[\/et_pb_text][et_pb_text _builder_version=&#8221;4.9.5&#8243; _module_preset=&#8221;default&#8221; custom_margin=&#8221;2rem||0px||false|false&#8221;]<\/p>\n<p><strong>Editor-in-Chief:<\/strong><\/p>\n<p>Mrs. Mateja Lah Novosel<\/p>\n<p>[\/et_pb_text][et_pb_text _builder_version=&#8221;4.9.5&#8243; _module_preset=&#8221;default&#8221; custom_margin=&#8221;2rem||0px||false|false&#8221;]<\/p>\n<p><strong>Editorial Board<\/strong><\/p>\n<p>Dr. Primo\u017e Dolenc, Banka Slovenije<br \/>Mr. Andrej Lasi\u010d, Nova Ljubljanska banka d.d.<br \/>Mr. Bo\u0161tjan Leskovar, SKB banka d.d.<br \/>Dr. Damjan Kozamernik, SID banka d.d.<br \/>Dr. Vasja Rant, Ekonomska fakulteta, Univerza v Ljubljani<br \/>Dr. Igor Stubelj, Fakulteta za management, Univerza na Primorskem<br \/>Dr. Marko Ko\u0161ak, Ekonomska fakulteta, Univerza v Ljubljani<br \/>Mag. Bojan Ivanc, Gospodarska zbornica Slovenije<br \/>Dr. Marko Simoneti, Pravna fakulteta, Univerza v Ljubljani<br \/>Ddr. Timotej Jagri\u010d, Ekonomsko \u2013 poslovna fakulteta, Univerza v Mariboru<br \/>Dr. Matej Dra\u0161\u010dek, Hranilnica Lon d.d.<\/p>\n<p>[\/et_pb_text][et_pb_text _builder_version=&#8221;4.9.5&#8243; _module_preset=&#8221;default&#8221; custom_margin=&#8221;2rem||0px||false|false&#8221;]<\/p>\n<p><strong>International Editorial Board<\/strong><\/p>\n<p>prof. dr. Sa\u0161a \u017dikovi\u0107, Ekonomska fakulteta, Univerza na Rijeki,<br \/>prof. dr. Anita Ma\u010dek, Institute of banking and insurance industry, Graz, Austria,<br \/>prof. dr. Hans Jorg Thieme, Henrich Heine Universitat Dusseldorf,<br \/>dr. Matija Lozej, Central bank of Ireland,<br \/>dr. Jurij Bajec, Ekonomski institut in Ekonomska fakulteta Beograd,<br \/>dr. Milorad Katni\u0107, University Donja Gorica, Montenegro,<br \/>dr. Dubravko Rado\u0161evi\u0107, Ekonomski institut Zagreb in Ekonomska fakulteta Zagreb<\/p>\n<p>[\/et_pb_text][\/et_pb_column][et_pb_column type=&#8221;1_2&#8243; _builder_version=&#8221;4.9.5&#8243; _module_preset=&#8221;default&#8221;][et_pb_image src=&#8221;https:\/\/zbs.dev.mortar.tovarnaidej.com\/wp\/wp-content\/uploads\/2021\/10\/naslovnica-BV11_2020.jpg&#8221; title_text=&#8221;naslovnica BV11_2020&#8243; show_bottom_space=&#8221;off&#8221; disabled_on=&#8221;on|on|off&#8221; _builder_version=&#8221;4.9.5&#8243; _module_preset=&#8221;default&#8221; height=&#8221;600px&#8221; custom_margin=&#8221;||0px||false|false&#8221; custom_padding=&#8221;||0px||false|false&#8221;][\/et_pb_image][\/et_pb_column][\/et_pb_row][\/et_pb_section]<\/p>\n","protected":false},"excerpt":{"rendered":"<p>[et_pb_section fb_built=&#8221;1&#8243; fullwidth=&#8221;on&#8221; custom_padding_last_edited=&#8221;on|tablet&#8221; _builder_version=&#8221;4.9.5&#8243; _module_preset=&#8221;default&#8221; background_color=&#8221;#01457B&#8221; background_image=&#8221;http:\/\/zbs.dev.mortar.tovarnaidej.com\/wp\/wp-content\/uploads\/2021\/06\/header-background-image.png&#8221; vertical_offset=&#8221;0px&#8221; horizontal_offset=&#8221;0px&#8221; min_height=&#8221;100%&#8221; height=&#8221;100%&#8221; max_height=&#8221;100%&#8221; custom_margin=&#8221;0px|0px|0px|0px|false|false&#8221; custom_margin_tablet=&#8221;|0px||0px|false|false&#8221; custom_margin_phone=&#8221;&#8221; custom_margin_last_edited=&#8221;on|tablet&#8221; custom_padding=&#8221;0px|0px|0px|0px|false|false&#8221; custom_padding_tablet=&#8221;|||0px|false|false&#8221; custom_padding_phone=&#8221;&#8221; border_width_bottom=&#8221;10px&#8221; border_color_bottom=&#8221;#01457B&#8221;][et_pb_fullwidth_header title=&#8221;About Ban\u010dni vestnik&#8221; _builder_version=&#8221;4.9.5&#8243; _module_preset=&#8221;default&#8221; title_font_size=&#8221;2.25rem&#8221; title_line_height=&#8221;1.7em&#8221; content_text_color=&#8221;rgba(255,255,255,0.8)&#8221; content_font_size=&#8221;0.75rem&#8221; content_line_height=&#8221;1.7rem&#8221; subhead_font=&#8221;Inter||||||||&#8221; subhead_text_color=&#8221;rgba(255,255,255,0.8)&#8221; subhead_font_size=&#8221;0.75rem&#8221; content_link_text_color=&#8221;#FFFFFF&#8221; background_color=&#8221;RGBA(0,0,0,0)&#8221; width=&#8221;100%&#8221; module_alignment=&#8221;left&#8221; custom_margin=&#8221;0px|0px|0px|0px|false|false&#8221; custom_padding=&#8221;120px|0px|120px|0px|false|false&#8221; hover_enabled=&#8221;0&#8243; custom_css_content=&#8221;position: absolute;||left: 0;||top: -100px;&#8221; sticky_enabled=&#8221;0&#8243;] Homepage \/ About Ban\u010dni vestnik [\/et_pb_fullwidth_header][\/et_pb_section][et_pb_section fb_built=&#8221;1&#8243; _builder_version=&#8221;4.9.5&#8243; [&hellip;]<\/p>\n","protected":false},"author":1,"featured_media":2655,"parent":0,"menu_order":0,"comment_status":"closed","ping_status":"closed","template":"","meta":{"_et_pb_use_builder":"on","_et_pb_old_content":"","_et_gb_content_width":"","inline_featured_image":false,"footnotes":""},"class_list":["post-4700","page","type-page","status-publish","has-post-thumbnail","hentry"],"_links":{"self":[{"href":"https:\/\/www.zbs-giz.si\/en\/wp-json\/wp\/v2\/pages\/4700","targetHints":{"allow":["GET"]}}],"collection":[{"href":"https:\/\/www.zbs-giz.si\/en\/wp-json\/wp\/v2\/pages"}],"about":[{"href":"https:\/\/www.zbs-giz.si\/en\/wp-json\/wp\/v2\/types\/page"}],"author":[{"embeddable":true,"href":"https:\/\/www.zbs-giz.si\/en\/wp-json\/wp\/v2\/users\/1"}],"replies":[{"embeddable":true,"href":"https:\/\/www.zbs-giz.si\/en\/wp-json\/wp\/v2\/comments?post=4700"}],"version-history":[{"count":9,"href":"https:\/\/www.zbs-giz.si\/en\/wp-json\/wp\/v2\/pages\/4700\/revisions"}],"predecessor-version":[{"id":5177,"href":"https:\/\/www.zbs-giz.si\/en\/wp-json\/wp\/v2\/pages\/4700\/revisions\/5177"}],"wp:featuredmedia":[{"embeddable":true,"href":"https:\/\/www.zbs-giz.si\/en\/wp-json\/wp\/v2\/media\/2655"}],"wp:attachment":[{"href":"https:\/\/www.zbs-giz.si\/en\/wp-json\/wp\/v2\/media?parent=4700"}],"curies":[{"name":"wp","href":"https:\/\/api.w.org\/{rel}","templated":true}]}}